{"id":2108,"date":"2022-10-04T09:47:57","date_gmt":"2022-10-04T09:47:57","guid":{"rendered":"https:\/\/evholidaypropertydevelopmentandservices.com\/aviso-legal\/"},"modified":"2023-06-12T11:59:01","modified_gmt":"2023-06-12T11:59:01","slug":"aviso-legal","status":"publish","type":"page","link":"https:\/\/evholidaypropertydevelopmentandservices.com\/es\/aviso-legal\/","title":{"rendered":"Aviso Legal"},"content":{"rendered":"\t\t<div data-elementor-type=\"wp-page\" data-elementor-id=\"2108\" class=\"elementor elementor-2108 elementor-87\" data-elementor-post-type=\"page\">\n\t\t\t\t\t\t<section class=\"elementor-section elementor-top-section elementor-element elementor-element-7ac12aa4 elementor-section-height-min-height elementor-section-boxed elementor-section-height-default elementor-section-items-middle\" data-id=\"7ac12aa4\" data-element_type=\"section\" data-e-type=\"section\" data-settings=\"{&quot;background_background&quot;:&quot;classic&quot;}\">\n\t\t\t\t\t\t\t<div class=\"elementor-background-overlay\"><\/div>\n\t\t\t\t\t\t\t<div class=\"elementor-container elementor-column-gap-default\">\n\t\t\t\t\t<div class=\"elementor-column elementor-col-100 elementor-top-column elementor-element elementor-element-310ba4c\" data-id=\"310ba4c\" data-element_type=\"column\" data-e-type=\"column\">\n\t\t\t<div class=\"elementor-widget-wrap elementor-element-populated\">\n\t\t\t\t\t\t<div class=\"elementor-element elementor-element-4f5084ec elementor-invisible elementor-widget elementor-widget-heading\" data-id=\"4f5084ec\" data-element_type=\"widget\" data-e-type=\"widget\" data-settings=\"{&quot;_animation&quot;:&quot;fadeInUp&quot;}\" data-widget_type=\"heading.default\">\n\t\t\t\t<div class=\"elementor-widget-container\">\n\t\t\t\t\t<h1 class=\"elementor-heading-title elementor-size-default\">Aviso Legal<\/h1>\t\t\t\t<\/div>\n\t\t\t\t<\/div>\n\t\t\t\t\t<\/div>\n\t\t<\/div>\n\t\t\t\t\t<\/div>\n\t\t<\/section>\n\t\t\t\t<section class=\"elementor-section elementor-top-section elementor-element elementor-element-6dabcd0d elementor-section-boxed elementor-section-height-default elementor-section-height-default\" data-id=\"6dabcd0d\" data-element_type=\"section\" data-e-type=\"section\">\n\t\t\t\t\t\t<div class=\"elementor-container elementor-column-gap-default\">\n\t\t\t\t\t<div class=\"elementor-column elementor-col-100 elementor-top-column elementor-element elementor-element-558b8099\" data-id=\"558b8099\" data-element_type=\"column\" data-e-type=\"column\">\n\t\t\t<div class=\"elementor-widget-wrap elementor-element-populated\">\n\t\t\t\t\t\t<div class=\"elementor-element elementor-element-441c5e4 elementor-widget elementor-widget-text-editor\" data-id=\"441c5e4\" data-element_type=\"widget\" data-e-type=\"widget\" data-widget_type=\"text-editor.default\">\n\t\t\t\t<div class=\"elementor-widget-container\">\n\t\t\t\t\t\t\t\t\t<h3>Seg\u00fan \u00a7 5 TMG<\/h3><p>Dipl.Ing. Norbert Schwencke<br \/>Consultor\u00eda en gesti\u00f3n inmobiliaria<br \/>Calle Deviller, 19<br \/>22941 Bargteheide<\/p><h3>Contacto<\/h3><p>Telefono: +34 648 020 306<br \/>Correo electr\u00f3nico: mail@evholidaypropertydevelopmentandservices.com<\/p><h3>Autor de la foto:<\/h3><p>Las im\u00e1genes utilizadas provienen de las siguientes fuentes:<\/p><p>Im\u00e1genes libres de derechos de: https:\/\/pixabay.com\/de\/<\/p><p>Envato Elements:<\/p><p>T\u00edtulo del elemento: B\u00fasqueda en Internet de bienes inmuebles o una casa nueva<br \/>URL del elemento: https:\/\/elements.envato.com\/searching-the-internet-for-real-estate-or-new-house-HSGWJF7<br \/>ID del art\u00edculo: HSGWJF7 Nombre de usuario del autor: BrianAJackson<\/p><p>T\u00edtulo del elemento: Planos de planos de edificios residenciales y modelo de casa, pancarta. ilustraci\u00f3n 3d<br \/>URL del art\u00edculo: https:\/\/elements.envato.com\/residential-building-blueprint-plans-and-house-mod-9ZD9W4L<br \/>ID del art\u00edculo: 9ZD9W4L Nombre de usuario del autor: rawf8<\/p><p>T\u00edtulo del art\u00edculo: plano de la casa<br \/>IteURL del art\u00edculo: https:\/\/elements.envato.com\/house-plan-blueprint-PVQ57P2<br \/>ID del art\u00edculo: PVQ57P2 Nombre de usuario del autor: BrianAJackson<\/p><h3>Soluci\u00f3n de controversias de la UE<\/h3><p>La Comisi\u00f3n Europea proporciona una plataforma para la resoluci\u00f3n de disputas (OS) en l\u00ednea: <a href=\"https:\/\/ec.europa.eu\/consumers\/odr\/\" target=\"_blank\" rel=\"noopener noreferrer\">https:\/\/ec.europa.eu\/consumers\/odr\/.<\/a><br \/>Nuestra direcci\u00f3n de correo electr\u00f3nico se puede encontrar arriba en la impresi\u00f3n.<\/p><h3>Resoluci\u00f3n de disputas del consumidor\/Junta de arbitraje universal<\/h3><p>No estamos dispuestos ni obligados a participar en procedimientos de resoluci\u00f3n de disputas ante una junta de arbitraje de consumidores.<\/p>\t\t\t\t\t\t\t\t<\/div>\n\t\t\t\t<\/div>\n\t\t\t\t\t<\/div>\n\t\t<\/div>\n\t\t\t\t\t<\/div>\n\t\t<\/section>\n\t\t\t\t<\/div>\n\t\t","protected":false},"excerpt":{"rendered":"<p>Seg\u00fan \u00a7 5 TMG Dipl.Ing. Norbert SchwenckeConsultor\u00eda en gesti\u00f3n inmobiliariaCalle Deviller, 1922941 Bargteheide Contacto Telefono: +34 648 020 306Correo electr\u00f3nico: mail@evholidaypropertydevelopmentandservices.com Autor de la foto: Las im\u00e1genes utilizadas provienen de las siguientes fuentes: Im\u00e1genes libres de derechos de: https:\/\/pixabay.com\/de\/ Envato Elements: T\u00edtulo del elemento: B\u00fasqueda en Internet de bienes inmuebles o una casa nuevaURL del [&hellip;]<\/p>\n","protected":false},"author":2,"featured_media":0,"parent":0,"menu_order":0,"comment_status":"closed","ping_status":"closed","template":"elementor_header_footer","meta":{"footnotes":""},"class_list":["post-2108","page","type-page","status-publish","hentry"],"_links":{"self":[{"href":"https:\/\/evholidaypropertydevelopmentandservices.com\/es\/wp-json\/wp\/v2\/pages\/2108","targetHints":{"allow":["GET"]}}],"collection":[{"href":"https:\/\/evholidaypropertydevelopmentandservices.com\/es\/wp-json\/wp\/v2\/pages"}],"about":[{"href":"https:\/\/evholidaypropertydevelopmentandservices.com\/es\/wp-json\/wp\/v2\/types\/page"}],"author":[{"embeddable":true,"href":"https:\/\/evholidaypropertydevelopmentandservices.com\/es\/wp-json\/wp\/v2\/users\/2"}],"replies":[{"embeddable":true,"href":"https:\/\/evholidaypropertydevelopmentandservices.com\/es\/wp-json\/wp\/v2\/comments?post=2108"}],"version-history":[{"count":4,"href":"https:\/\/evholidaypropertydevelopmentandservices.com\/es\/wp-json\/wp\/v2\/pages\/2108\/revisions"}],"predecessor-version":[{"id":2392,"href":"https:\/\/evholidaypropertydevelopmentandservices.com\/es\/wp-json\/wp\/v2\/pages\/2108\/revisions\/2392"}],"wp:attachment":[{"href":"https:\/\/evholidaypropertydevelopmentandservices.com\/es\/wp-json\/wp\/v2\/media?parent=2108"}],"curies":[{"name":"wp","href":"https:\/\/api.w.org\/{rel}","templated":true}]}}