{"id":2098,"date":"2022-10-04T09:54:30","date_gmt":"2022-10-04T09:54:30","guid":{"rendered":"https:\/\/evholidaypropertydevelopmentandservices.com\/marketing\/"},"modified":"2023-04-04T08:19:39","modified_gmt":"2023-04-04T08:19:39","slug":"marketing","status":"publish","type":"page","link":"https:\/\/evholidaypropertydevelopmentandservices.com\/es\/marketing\/","title":{"rendered":"Marketing"},"content":{"rendered":"\t\t<div data-elementor-type=\"wp-page\" data-elementor-id=\"2098\" class=\"elementor elementor-2098 elementor-95\" data-elementor-post-type=\"page\">\n\t\t\t\t\t\t<section class=\"elementor-section elementor-top-section elementor-element elementor-element-40484c27 elementor-section-height-min-height elementor-section-boxed elementor-section-height-default elementor-section-items-middle\" data-id=\"40484c27\" data-element_type=\"section\" data-e-type=\"section\" data-settings=\"{&quot;background_background&quot;:&quot;classic&quot;}\">\n\t\t\t\t\t\t\t<div class=\"elementor-background-overlay\"><\/div>\n\t\t\t\t\t\t\t<div class=\"elementor-container elementor-column-gap-default\">\n\t\t\t\t\t<div class=\"elementor-column elementor-col-100 elementor-top-column elementor-element elementor-element-489d1ad3\" data-id=\"489d1ad3\" data-element_type=\"column\" data-e-type=\"column\" data-settings=\"{&quot;background_background&quot;:&quot;classic&quot;}\">\n\t\t\t<div class=\"elementor-widget-wrap elementor-element-populated\">\n\t\t\t\t\t\t<div class=\"elementor-element elementor-element-7cb5e8c4 elementor-invisible elementor-widget elementor-widget-heading\" data-id=\"7cb5e8c4\" data-element_type=\"widget\" data-e-type=\"widget\" data-settings=\"{&quot;_animation&quot;:&quot;fadeInUp&quot;}\" data-widget_type=\"heading.default\">\n\t\t\t\t<div class=\"elementor-widget-container\">\n\t\t\t\t\t<h1 class=\"elementor-heading-title elementor-size-default\">Marketing<\/h1>\t\t\t\t<\/div>\n\t\t\t\t<\/div>\n\t\t\t\t<div class=\"elementor-element elementor-element-58afb30d elementor-invisible elementor-widget elementor-widget-heading\" data-id=\"58afb30d\" data-element_type=\"widget\" data-e-type=\"widget\" data-settings=\"{&quot;_animation&quot;:&quot;fadeInUp&quot;,&quot;_animation_delay&quot;:240}\" data-widget_type=\"heading.default\">\n\t\t\t\t<div class=\"elementor-widget-container\">\n\t\t\t\t\t<h3 class=\"elementor-heading-title elementor-size-default\">Venta * Alquiler * Asesoramiento<\/h3>\t\t\t\t<\/div>\n\t\t\t\t<\/div>\n\t\t\t\t\t<\/div>\n\t\t<\/div>\n\t\t\t\t\t<\/div>\n\t\t<\/section>\n\t\t\t\t<section class=\"elementor-section elementor-top-section elementor-element elementor-element-11ac8ec0 elementor-section-boxed elementor-section-height-default elementor-section-height-default\" data-id=\"11ac8ec0\" data-element_type=\"section\" data-e-type=\"section\">\n\t\t\t\t\t\t\t<div class=\"elementor-background-overlay\"><\/div>\n\t\t\t\t\t\t\t<div class=\"elementor-container elementor-column-gap-default\">\n\t\t\t\t\t<div class=\"elementor-column elementor-col-50 elementor-top-column elementor-element elementor-element-3628cde6 elementor-invisible\" data-id=\"3628cde6\" data-element_type=\"column\" data-e-type=\"column\" data-settings=\"{&quot;animation&quot;:&quot;fadeInLeft&quot;}\">\n\t\t\t<div class=\"elementor-widget-wrap elementor-element-populated\">\n\t\t\t\t\t\t<div class=\"elementor-element elementor-element-5f8758 elementor-widget elementor-widget-heading\" data-id=\"5f8758\" data-element_type=\"widget\" data-e-type=\"widget\" data-widget_type=\"heading.default\">\n\t\t\t\t<div class=\"elementor-widget-container\">\n\t\t\t\t\t<h2 class=\"elementor-heading-title elementor-size-default\">Individualmente para usted:<\/h2>\t\t\t\t<\/div>\n\t\t\t\t<\/div>\n\t\t\t\t<div class=\"elementor-element elementor-element-0e02ac3 elementor-icon-list--layout-traditional elementor-list-item-link-full_width elementor-widget elementor-widget-icon-list\" data-id=\"0e02ac3\" data-element_type=\"widget\" data-e-type=\"widget\" data-widget_type=\"icon-list.default\">\n\t\t\t\t<div class=\"elementor-widget-container\">\n\t\t\t\t\t\t\t<ul class=\"elementor-icon-list-items\">\n\t\t\t\t\t\t\t<li class=\"elementor-icon-list-item\">\n\t\t\t\t\t\t\t\t\t\t\t<span class=\"elementor-icon-list-icon\">\n\t\t\t\t\t\t\t<i aria-hidden=\"true\" class=\"fas fa-check\"><\/i>\t\t\t\t\t\t<\/span>\n\t\t\t\t\t\t\t\t\t\t<span class=\"elementor-icon-list-text\">Tratamiento de la informaci\u00f3n y evaluaci\u00f3n individual del proyecto <\/span>\n\t\t\t\t\t\t\t\t\t<\/li>\n\t\t\t\t\t\t\t\t<li class=\"elementor-icon-list-item\">\n\t\t\t\t\t\t\t\t\t\t\t<span class=\"elementor-icon-list-icon\">\n\t\t\t\t\t\t\t<i aria-hidden=\"true\" class=\"fas fa-check\"><\/i>\t\t\t\t\t\t<\/span>\n\t\t\t\t\t\t\t\t\t\t<span class=\"elementor-icon-list-text\">Desarrollo de un concepto detallado de alquiler y marketing<\/span>\n\t\t\t\t\t\t\t\t\t<\/li>\n\t\t\t\t\t\t\t\t<li class=\"elementor-icon-list-item\">\n\t\t\t\t\t\t\t\t\t\t\t<span class=\"elementor-icon-list-icon\">\n\t\t\t\t\t\t\t<i aria-hidden=\"true\" class=\"fas fa-check\"><\/i>\t\t\t\t\t\t<\/span>\n\t\t\t\t\t\t\t\t\t\t<span class=\"elementor-icon-list-text\">Creaci\u00f3n de c\u00e1lculos de rentabilidad<\/span>\n\t\t\t\t\t\t\t\t\t<\/li>\n\t\t\t\t\t\t\t\t<li class=\"elementor-icon-list-item\">\n\t\t\t\t\t\t\t\t\t\t\t<span class=\"elementor-icon-list-icon\">\n\t\t\t\t\t\t\t<i aria-hidden=\"true\" class=\"fas fa-check\"><\/i>\t\t\t\t\t\t<\/span>\n\t\t\t\t\t\t\t\t\t\t<span class=\"elementor-icon-list-text\">Establecimiento de un concepto de financiaci\u00f3n espec\u00edfico del cliente<\/span>\n\t\t\t\t\t\t\t\t\t<\/li>\n\t\t\t\t\t\t\t\t<li class=\"elementor-icon-list-item\">\n\t\t\t\t\t\t\t\t\t\t\t<span class=\"elementor-icon-list-icon\">\n\t\t\t\t\t\t\t<i aria-hidden=\"true\" class=\"fas fa-check\"><\/i>\t\t\t\t\t\t<\/span>\n\t\t\t\t\t\t\t\t\t\t<span class=\"elementor-icon-list-text\">Elaboraci\u00f3n de presentaciones de proyectos listos para tomar decisiones <\/span>\n\t\t\t\t\t\t\t\t\t<\/li>\n\t\t\t\t\t\t\t\t<li class=\"elementor-icon-list-item\">\n\t\t\t\t\t\t\t\t\t\t\t<span class=\"elementor-icon-list-icon\">\n\t\t\t\t\t\t\t<i aria-hidden=\"true\" class=\"fas fa-check\"><\/i>\t\t\t\t\t\t<\/span>\n\t\t\t\t\t\t\t\t\t\t<span class=\"elementor-icon-list-text\">Seguimiento y control de las medidas durante la fase de ejecuci\u00f3n<\/span>\n\t\t\t\t\t\t\t\t\t<\/li>\n\t\t\t\t\t\t<\/ul>\n\t\t\t\t\t\t<\/div>\n\t\t\t\t<\/div>\n\t\t\t\t\t<\/div>\n\t\t<\/div>\n\t\t\t\t<div class=\"elementor-column elementor-col-25 elementor-top-column elementor-element elementor-element-27c1cd6 elementor-invisible\" data-id=\"27c1cd6\" data-element_type=\"column\" data-e-type=\"column\" data-settings=\"{&quot;animation&quot;:&quot;fadeInLeft&quot;}\">\n\t\t\t<div class=\"elementor-widget-wrap elementor-element-populated\">\n\t\t\t\t\t\t<div class=\"elementor-element elementor-element-df3c91b elementor-widget elementor-widget-heading\" data-id=\"df3c91b\" data-element_type=\"widget\" data-e-type=\"widget\" data-widget_type=\"heading.default\">\n\t\t\t\t<div class=\"elementor-widget-container\">\n\t\t\t\t\t<h2 class=\"elementor-heading-title elementor-size-default\">Marketing<\/h2>\t\t\t\t<\/div>\n\t\t\t\t<\/div>\n\t\t\t\t<div class=\"elementor-element elementor-element-992dc0c elementor-widget elementor-widget-text-editor\" data-id=\"992dc0c\" data-element_type=\"widget\" data-e-type=\"widget\" data-widget_type=\"text-editor.default\">\n\t\t\t\t<div class=\"elementor-widget-container\">\n\t\t\t\t\t\t\t\t\t<p>Ya sea para uso personal o como una casa de vacaciones rentable: bien planificada e implementada, una propiedad en Mallorca o Menorca es una inversi\u00f3n m\u00e1s que atractiva. Las consideraciones econ\u00f3micas, demogr\u00e1ficas y espec\u00edficas de la ubicaci\u00f3n ya fluyen en nuestras consideraciones durante el desarrollo de la idea. Con mucho \u201c know-how \u201cy una visi\u00f3n clara de lo que es factible, nuestros expertos eval\u00faan el potencial econ\u00f3mico de su proyecto inmobiliario Para garantizar que los desarrolladores y arquitectos tomen las decisiones correctas para usted, lo asesoramos individualmente y caso por caso. Implementamos sus deseos e ideas de manera espec\u00edfica. Por supuesto, tambi\u00e9n nos encargamos de la comercializaci\u00f3n del inmueble Los conceptos fiables de alquiler y utilizaci\u00f3n garantizan la m\u00e1xima seguridad de planificaci\u00f3n Un competente equipo de planificaci\u00f3n y ventas atiende a nuestros clientes directamente in situ. Como su socio competente, su valor agregado es nuestra m\u00e1xima prioridad.<\/p><\/p>\n\t\t\t\t\t\t\t\t<\/div>\n\t\t\t\t<\/div>\n\t\t\t\t\t<\/div>\n\t\t<\/div>\n\t\t\t\t<div class=\"elementor-column elementor-col-25 elementor-top-column elementor-element elementor-element-56782379\" data-id=\"56782379\" data-element_type=\"column\" data-e-type=\"column\">\n\t\t\t<div class=\"elementor-widget-wrap elementor-element-populated\">\n\t\t\t\t\t\t<div class=\"elementor-element elementor-element-688f8935 elementor-invisible elementor-widget elementor-widget-image\" data-id=\"688f8935\" data-element_type=\"widget\" data-e-type=\"widget\" data-settings=\"{&quot;_animation&quot;:&quot;rotateInDownRight&quot;}\" data-widget_type=\"image.default\">\n\t\t\t\t<div class=\"elementor-widget-container\">\n\t\t\t\t\t\t\t\t\t\t\t\t\t\t\t<img fetchpriority=\"high\" decoding=\"async\" width=\"800\" height=\"1014\" src=\"https:\/\/evholidaypropertydevelopmentandservices.com\/wp-content\/uploads\/2022\/12\/Marta-Curylo_1.jpg\" class=\"attachment-full size-full wp-image-1858\" alt=\"\" srcset=\"https:\/\/evholidaypropertydevelopmentandservices.com\/wp-content\/uploads\/2022\/12\/Marta-Curylo_1.jpg 800w, https:\/\/evholidaypropertydevelopmentandservices.com\/wp-content\/uploads\/2022\/12\/Marta-Curylo_1-237x300.jpg 237w, https:\/\/evholidaypropertydevelopmentandservices.com\/wp-content\/uploads\/2022\/12\/Marta-Curylo_1-768x973.jpg 768w\" sizes=\"(max-width: 800px) 100vw, 800px\" \/>\t\t\t\t\t\t\t\t\t\t\t\t\t\t\t<\/div>\n\t\t\t\t<\/div>\n\t\t\t\t<div class=\"elementor-element elementor-element-2c8b8afc elementor-blockquote--skin-quotation elementor-blockquote--align-left elementor-widget__width-initial elementor-absolute elementor-invisible elementor-widget elementor-widget-blockquote\" data-id=\"2c8b8afc\" data-element_type=\"widget\" data-e-type=\"widget\" data-settings=\"{&quot;_animation&quot;:&quot;fadeInUp&quot;,&quot;_position&quot;:&quot;absolute&quot;}\" data-widget_type=\"blockquote.default\">\n\t\t\t\t<div class=\"elementor-widget-container\">\n\t\t\t\t\t\t\t<blockquote class=\"elementor-blockquote\">\n\t\t\t<p class=\"elementor-blockquote__content\">\n\t\t\t\t\u201cEl mercado inmobiliario en las Islas Baleares est\u00e1 creciendo de manera constante. Estamos comprometidos con su \u00e9xito. Nuestra planificaci\u00f3n se basa en lo que es factible y siempre tiene en mente el m\u00e1ximo\u201d.\t\t\t<\/p>\n\t\t\t\t\t\t\t<div class=\"e-q-footer\">\n\t\t\t\t\t\t\t\t\t\t\t<cite class=\"elementor-blockquote__author\">Marta Curylo, Marketing + Ventas<\/cite>\n\t\t\t\t\t\t\t\t\t\t\t\t\t\t<\/div>\n\t\t\t\t\t<\/blockquote>\n\t\t\t\t\t\t<\/div>\n\t\t\t\t<\/div>\n\t\t\t\t\t<\/div>\n\t\t<\/div>\n\t\t\t\t\t<\/div>\n\t\t<\/section>\n\t\t\t\t<section class=\"elementor-section elementor-top-section elementor-element elementor-element-74b0edf elementor-section-boxed elementor-section-height-default elementor-section-height-default\" data-id=\"74b0edf\" data-element_type=\"section\" data-e-type=\"section\">\n\t\t\t\t\t\t<div class=\"elementor-container elementor-column-gap-default\">\n\t\t\t\t\t<div class=\"elementor-column elementor-col-100 elementor-top-column elementor-element elementor-element-5bfb023\" data-id=\"5bfb023\" data-element_type=\"column\" data-e-type=\"column\">\n\t\t\t<div class=\"elementor-widget-wrap\">\n\t\t\t\t\t\t\t<\/div>\n\t\t<\/div>\n\t\t\t\t\t<\/div>\n\t\t<\/section>\n\t\t\t\t<\/div>\n\t\t","protected":false},"excerpt":{"rendered":"<p>Marketing Venta * Alquiler * Asesoramiento Individualmente para usted: Tratamiento de la informaci\u00f3n y evaluaci\u00f3n individual del proyecto Desarrollo de un concepto detallado de alquiler y marketing Creaci\u00f3n de c\u00e1lculos de rentabilidad Establecimiento de un concepto de financiaci\u00f3n espec\u00edfico del cliente Elaboraci\u00f3n de presentaciones de proyectos listos para tomar decisiones Seguimiento y control de las [&hellip;]<\/p>\n","protected":false},"author":2,"featured_media":0,"parent":0,"menu_order":0,"comment_status":"closed","ping_status":"closed","template":"elementor_header_footer","meta":{"footnotes":""},"class_list":["post-2098","page","type-page","status-publish","hentry"],"_links":{"self":[{"href":"https:\/\/evholidaypropertydevelopmentandservices.com\/es\/wp-json\/wp\/v2\/pages\/2098","targetHints":{"allow":["GET"]}}],"collection":[{"href":"https:\/\/evholidaypropertydevelopmentandservices.com\/es\/wp-json\/wp\/v2\/pages"}],"about":[{"href":"https:\/\/evholidaypropertydevelopmentandservices.com\/es\/wp-json\/wp\/v2\/types\/page"}],"author":[{"embeddable":true,"href":"https:\/\/evholidaypropertydevelopmentandservices.com\/es\/wp-json\/wp\/v2\/users\/2"}],"replies":[{"embeddable":true,"href":"https:\/\/evholidaypropertydevelopmentandservices.com\/es\/wp-json\/wp\/v2\/comments?post=2098"}],"version-history":[{"count":26,"href":"https:\/\/evholidaypropertydevelopmentandservices.com\/es\/wp-json\/wp\/v2\/pages\/2098\/revisions"}],"predecessor-version":[{"id":2273,"href":"https:\/\/evholidaypropertydevelopmentandservices.com\/es\/wp-json\/wp\/v2\/pages\/2098\/revisions\/2273"}],"wp:attachment":[{"href":"https:\/\/evholidaypropertydevelopmentandservices.com\/es\/wp-json\/wp\/v2\/media?parent=2098"}],"curies":[{"name":"wp","href":"https:\/\/api.w.org\/{rel}","templated":true}]}}