{"id":2092,"date":"2022-10-04T09:52:02","date_gmt":"2022-10-04T09:52:02","guid":{"rendered":"https:\/\/evholidaypropertydevelopmentandservices.com\/implementacion\/"},"modified":"2023-04-04T08:09:33","modified_gmt":"2023-04-04T08:09:33","slug":"implementacion","status":"publish","type":"page","link":"https:\/\/evholidaypropertydevelopmentandservices.com\/es\/implementacion\/","title":{"rendered":"Implementaci\u00f3n"},"content":{"rendered":"\t\t<div data-elementor-type=\"wp-page\" data-elementor-id=\"2092\" class=\"elementor elementor-2092 elementor-91\" data-elementor-post-type=\"page\">\n\t\t\t\t\t\t<section class=\"elementor-section elementor-top-section elementor-element elementor-element-462c0280 elementor-section-height-min-height elementor-section-boxed elementor-section-height-default elementor-section-items-middle\" data-id=\"462c0280\" data-element_type=\"section\" data-e-type=\"section\" data-settings=\"{&quot;background_background&quot;:&quot;classic&quot;}\">\n\t\t\t\t\t\t\t<div class=\"elementor-background-overlay\"><\/div>\n\t\t\t\t\t\t\t<div class=\"elementor-container elementor-column-gap-default\">\n\t\t\t\t\t<div class=\"elementor-column elementor-col-100 elementor-top-column elementor-element elementor-element-3f055382\" data-id=\"3f055382\" data-element_type=\"column\" data-e-type=\"column\" data-settings=\"{&quot;background_background&quot;:&quot;classic&quot;}\">\n\t\t\t<div class=\"elementor-widget-wrap elementor-element-populated\">\n\t\t\t\t\t\t<div class=\"elementor-element elementor-element-34344e01 elementor-invisible elementor-widget elementor-widget-heading\" data-id=\"34344e01\" data-element_type=\"widget\" data-e-type=\"widget\" data-settings=\"{&quot;_animation&quot;:&quot;fadeInUp&quot;}\" data-widget_type=\"heading.default\">\n\t\t\t\t<div class=\"elementor-widget-container\">\n\t\t\t\t\t<h1 class=\"elementor-heading-title elementor-size-default\">Implementaci\u00f3n<\/h1>\t\t\t\t<\/div>\n\t\t\t\t<\/div>\n\t\t\t\t<div class=\"elementor-element elementor-element-21ef7b80 elementor-invisible elementor-widget elementor-widget-heading\" data-id=\"21ef7b80\" data-element_type=\"widget\" data-e-type=\"widget\" data-settings=\"{&quot;_animation&quot;:&quot;fadeInUp&quot;,&quot;_animation_delay&quot;:240}\" data-widget_type=\"heading.default\">\n\t\t\t\t<div class=\"elementor-widget-container\">\n\t\t\t\t\t<h3 class=\"elementor-heading-title elementor-size-default\">Nueva construcci\u00f3n * modernizaci\u00f3n * renovaci\u00f3n * reformas<\/h3>\t\t\t\t<\/div>\n\t\t\t\t<\/div>\n\t\t\t\t\t<\/div>\n\t\t<\/div>\n\t\t\t\t\t<\/div>\n\t\t<\/section>\n\t\t\t\t<section class=\"elementor-section elementor-top-section elementor-element elementor-element-612c8e19 elementor-section-boxed elementor-section-height-default elementor-section-height-default\" data-id=\"612c8e19\" data-element_type=\"section\" data-e-type=\"section\">\n\t\t\t\t\t\t\t<div class=\"elementor-background-overlay\"><\/div>\n\t\t\t\t\t\t\t<div class=\"elementor-container elementor-column-gap-default\">\n\t\t\t\t\t<div class=\"elementor-column elementor-col-50 elementor-top-column elementor-element elementor-element-2a3f8d81 elementor-invisible\" data-id=\"2a3f8d81\" data-element_type=\"column\" data-e-type=\"column\" data-settings=\"{&quot;animation&quot;:&quot;fadeInLeft&quot;}\">\n\t\t\t<div class=\"elementor-widget-wrap elementor-element-populated\">\n\t\t\t\t\t\t<div class=\"elementor-element elementor-element-27347d39 elementor-widget elementor-widget-heading\" data-id=\"27347d39\" data-element_type=\"widget\" data-e-type=\"widget\" data-widget_type=\"heading.default\">\n\t\t\t\t<div class=\"elementor-widget-container\">\n\t\t\t\t\t<h2 class=\"elementor-heading-title elementor-size-default\">Que hacemos nosotros por usted:<\/h2>\t\t\t\t<\/div>\n\t\t\t\t<\/div>\n\t\t\t\t<div class=\"elementor-element elementor-element-5ccea6e elementor-icon-list--layout-traditional elementor-list-item-link-full_width elementor-widget elementor-widget-icon-list\" data-id=\"5ccea6e\" data-element_type=\"widget\" data-e-type=\"widget\" data-widget_type=\"icon-list.default\">\n\t\t\t\t<div class=\"elementor-widget-container\">\n\t\t\t\t\t\t\t<ul class=\"elementor-icon-list-items\">\n\t\t\t\t\t\t\t<li class=\"elementor-icon-list-item\">\n\t\t\t\t\t\t\t\t\t\t\t<span class=\"elementor-icon-list-icon\">\n\t\t\t\t\t\t\t<i aria-hidden=\"true\" class=\"fas fa-check\"><\/i>\t\t\t\t\t\t<\/span>\n\t\t\t\t\t\t\t\t\t\t<span class=\"elementor-icon-list-text\">Desarrollo de ideas de proyectos <\/span>\n\t\t\t\t\t\t\t\t\t<\/li>\n\t\t\t\t\t\t\t\t<li class=\"elementor-icon-list-item\">\n\t\t\t\t\t\t\t\t\t\t\t<span class=\"elementor-icon-list-icon\">\n\t\t\t\t\t\t\t<i aria-hidden=\"true\" class=\"fas fa-check\"><\/i>\t\t\t\t\t\t<\/span>\n\t\t\t\t\t\t\t\t\t\t<span class=\"elementor-icon-list-text\">Desarrollo de conceptos de utilizaci\u00f3n viables <\/span>\n\t\t\t\t\t\t\t\t\t<\/li>\n\t\t\t\t\t\t\t\t<li class=\"elementor-icon-list-item\">\n\t\t\t\t\t\t\t\t\t\t\t<span class=\"elementor-icon-list-icon\">\n\t\t\t\t\t\t\t<i aria-hidden=\"true\" class=\"fas fa-check\"><\/i>\t\t\t\t\t\t<\/span>\n\t\t\t\t\t\t\t\t\t\t<span class=\"elementor-icon-list-text\">Elaboraci\u00f3n y presentaci\u00f3n de averiguaciones preliminares de obra<\/span>\n\t\t\t\t\t\t\t\t\t<\/li>\n\t\t\t\t\t\t\t\t<li class=\"elementor-icon-list-item\">\n\t\t\t\t\t\t\t\t\t\t\t<span class=\"elementor-icon-list-icon\">\n\t\t\t\t\t\t\t<i aria-hidden=\"true\" class=\"fas fa-check\"><\/i>\t\t\t\t\t\t<\/span>\n\t\t\t\t\t\t\t\t\t\t<span class=\"elementor-icon-list-text\">Presentaci\u00f3n de solicitudes de planificaci\u00f3n a las autoridades locales<\/span>\n\t\t\t\t\t\t\t\t\t<\/li>\n\t\t\t\t\t\t\t\t<li class=\"elementor-icon-list-item\">\n\t\t\t\t\t\t\t\t\t\t\t<span class=\"elementor-icon-list-icon\">\n\t\t\t\t\t\t\t<i aria-hidden=\"true\" class=\"fas fa-check\"><\/i>\t\t\t\t\t\t<\/span>\n\t\t\t\t\t\t\t\t\t\t<span class=\"elementor-icon-list-text\">Obtenci\u00f3n de permisos de construcci\u00f3n y uso<\/span>\n\t\t\t\t\t\t\t\t\t<\/li>\n\t\t\t\t\t\t<\/ul>\n\t\t\t\t\t\t<\/div>\n\t\t\t\t<\/div>\n\t\t\t\t\t<\/div>\n\t\t<\/div>\n\t\t\t\t<div class=\"elementor-column elementor-col-25 elementor-top-column elementor-element elementor-element-0cda767 elementor-invisible\" data-id=\"0cda767\" data-element_type=\"column\" data-e-type=\"column\" data-settings=\"{&quot;animation&quot;:&quot;fadeInLeft&quot;}\">\n\t\t\t<div class=\"elementor-widget-wrap elementor-element-populated\">\n\t\t\t\t\t\t<div class=\"elementor-element elementor-element-0a1a86c elementor-widget elementor-widget-heading\" data-id=\"0a1a86c\" data-element_type=\"widget\" data-e-type=\"widget\" data-widget_type=\"heading.default\">\n\t\t\t\t<div class=\"elementor-widget-container\">\n\t\t\t\t\t<h2 class=\"elementor-heading-title elementor-size-default\">Realizaci\u00f3n<\/h2>\t\t\t\t<\/div>\n\t\t\t\t<\/div>\n\t\t\t\t<div class=\"elementor-element elementor-element-849b9d0 elementor-widget elementor-widget-text-editor\" data-id=\"849b9d0\" data-element_type=\"widget\" data-e-type=\"widget\" data-widget_type=\"text-editor.default\">\n\t\t\t\t<div class=\"elementor-widget-container\">\n\t\t\t\t\t\t\t\t\t<p style=\"text-align: left;\">Obra nueva, reformas, modernizaci\u00f3n:<\/p>\n<p style=\"text-align: left;\">EV Promoci\u00f3n Inmobiliaria planifica y ejecuta proyectos inmobiliarios propios y de terceros en Mallorca y Menorca. Los desarrollos demogr\u00e1ficos y econ\u00f3micos, as\u00ed como los deseos y necesidades cambiantes de los visitantes y residentes locales, presentan constantemente nuevos desaf\u00edos a la industria inmobiliaria en las Islas Baleares. El desarrollo de nuestro proyecto tiene en cuenta estos desarrollos . Los apartamentos de vacaciones, los complejos residenciales, los hoteles y las propiedades comerciales deben dise\u00f1arse de manera que sean permanentemente atractivos, econ\u00f3mica, ecol\u00f3gica y socialmente sostenibles. Es importante reconocer las se\u00f1ales correctas lo antes posible y determinar el potencial de mercado resultante. El valor a\u00f1adido a largo plazo solo puede garantizarse si todos los engranajes encajan.<\/p>\n\t\t\t\t\t\t\t\t<\/div>\n\t\t\t\t<\/div>\n\t\t\t\t\t<\/div>\n\t\t<\/div>\n\t\t\t\t<div class=\"elementor-column elementor-col-25 elementor-top-column elementor-element elementor-element-cf9fe22\" data-id=\"cf9fe22\" data-element_type=\"column\" data-e-type=\"column\">\n\t\t\t<div class=\"elementor-widget-wrap elementor-element-populated\">\n\t\t\t\t\t\t<div class=\"elementor-element elementor-element-4f8ba61f elementor-invisible elementor-widget elementor-widget-image\" data-id=\"4f8ba61f\" data-element_type=\"widget\" data-e-type=\"widget\" data-settings=\"{&quot;_animation&quot;:&quot;rotateInDownRight&quot;}\" data-widget_type=\"image.default\">\n\t\t\t\t<div class=\"elementor-widget-container\">\n\t\t\t\t\t\t\t\t\t\t\t\t\t\t\t<img fetchpriority=\"high\" decoding=\"async\" width=\"800\" height=\"1037\" src=\"https:\/\/evholidaypropertydevelopmentandservices.com\/wp-content\/uploads\/2022\/12\/Gary-Hobson_1.jpg\" class=\"attachment-full size-full wp-image-1854\" alt=\"\" srcset=\"https:\/\/evholidaypropertydevelopmentandservices.com\/wp-content\/uploads\/2022\/12\/Gary-Hobson_1.jpg 800w, https:\/\/evholidaypropertydevelopmentandservices.com\/wp-content\/uploads\/2022\/12\/Gary-Hobson_1-231x300.jpg 231w, https:\/\/evholidaypropertydevelopmentandservices.com\/wp-content\/uploads\/2022\/12\/Gary-Hobson_1-790x1024.jpg 790w, https:\/\/evholidaypropertydevelopmentandservices.com\/wp-content\/uploads\/2022\/12\/Gary-Hobson_1-768x996.jpg 768w\" sizes=\"(max-width: 800px) 100vw, 800px\" \/>\t\t\t\t\t\t\t\t\t\t\t\t\t\t\t<\/div>\n\t\t\t\t<\/div>\n\t\t\t\t<div class=\"elementor-element elementor-element-3faa41a0 elementor-blockquote--skin-quotation elementor-blockquote--align-left elementor-widget__width-initial elementor-absolute elementor-invisible elementor-widget elementor-widget-blockquote\" data-id=\"3faa41a0\" data-element_type=\"widget\" data-e-type=\"widget\" data-settings=\"{&quot;_animation&quot;:&quot;fadeInUp&quot;,&quot;_position&quot;:&quot;absolute&quot;}\" data-widget_type=\"blockquote.default\">\n\t\t\t\t<div class=\"elementor-widget-container\">\n\t\t\t\t\t\t\t<blockquote class=\"elementor-blockquote\">\n\t\t\t<p class=\"elementor-blockquote__content\">\n\t\t\t\t\" La experiencia, el conocimiento del mercado y un equipo de expertos bien establecido, son nuestras fortalezas en la implementaci\u00f3n de proyectos inmobiliarios exitosos. \"\t\t\t<\/p>\n\t\t\t\t\t\t\t<div class=\"e-q-footer\">\n\t\t\t\t\t\t\t\t\t\t\t<cite class=\"elementor-blockquote__author\">Gary Hobson,   Director ejecutivo<\/cite>\n\t\t\t\t\t\t\t\t\t\t\t\t\t\t<\/div>\n\t\t\t\t\t<\/blockquote>\n\t\t\t\t\t\t<\/div>\n\t\t\t\t<\/div>\n\t\t\t\t\t<\/div>\n\t\t<\/div>\n\t\t\t\t\t<\/div>\n\t\t<\/section>\n\t\t\t\t<\/div>\n\t\t","protected":false},"excerpt":{"rendered":"<p>Implementaci\u00f3n Nueva construcci\u00f3n * modernizaci\u00f3n * renovaci\u00f3n * reformas Que hacemos nosotros por usted: Desarrollo de ideas de proyectos Desarrollo de conceptos de utilizaci\u00f3n viables Elaboraci\u00f3n y presentaci\u00f3n de averiguaciones preliminares de obra Presentaci\u00f3n de solicitudes de planificaci\u00f3n a las autoridades locales Obtenci\u00f3n de permisos de construcci\u00f3n y uso Realizaci\u00f3n Obra nueva, reformas, modernizaci\u00f3n: EV [&hellip;]<\/p>\n","protected":false},"author":2,"featured_media":0,"parent":0,"menu_order":0,"comment_status":"closed","ping_status":"closed","template":"elementor_header_footer","meta":{"footnotes":""},"class_list":["post-2092","page","type-page","status-publish","hentry"],"_links":{"self":[{"href":"https:\/\/evholidaypropertydevelopmentandservices.com\/es\/wp-json\/wp\/v2\/pages\/2092","targetHints":{"allow":["GET"]}}],"collection":[{"href":"https:\/\/evholidaypropertydevelopmentandservices.com\/es\/wp-json\/wp\/v2\/pages"}],"about":[{"href":"https:\/\/evholidaypropertydevelopmentandservices.com\/es\/wp-json\/wp\/v2\/types\/page"}],"author":[{"embeddable":true,"href":"https:\/\/evholidaypropertydevelopmentandservices.com\/es\/wp-json\/wp\/v2\/users\/2"}],"replies":[{"embeddable":true,"href":"https:\/\/evholidaypropertydevelopmentandservices.com\/es\/wp-json\/wp\/v2\/comments?post=2092"}],"version-history":[{"count":19,"href":"https:\/\/evholidaypropertydevelopmentandservices.com\/es\/wp-json\/wp\/v2\/pages\/2092\/revisions"}],"predecessor-version":[{"id":2256,"href":"https:\/\/evholidaypropertydevelopmentandservices.com\/es\/wp-json\/wp\/v2\/pages\/2092\/revisions\/2256"}],"wp:attachment":[{"href":"https:\/\/evholidaypropertydevelopmentandservices.com\/es\/wp-json\/wp\/v2\/media?parent=2092"}],"curies":[{"name":"wp","href":"https:\/\/api.w.org\/{rel}","templated":true}]}}